{"id":1919,"date":"2025-10-28T12:40:47","date_gmt":"2025-10-28T12:40:47","guid":{"rendered":"https:\/\/gdbluesky.com.cn\/?post_type=product&#038;p=1919"},"modified":"2025-10-28T12:58:41","modified_gmt":"2025-10-28T12:58:41","slug":"synchronized-servo-electric-sheet-metal-bending-machine","status":"publish","type":"product","link":"https:\/\/gdbluesky.com.cn\/vi\/san-pham\/synchronized-servo-electric-sheet-metal-bending-machine\/","title":{"rendered":"M\u00e1y u\u1ed1n t\u00f4n \u0111i\u1ec7n servo \u0111\u1ed3ng b\u1ed9"},"content":{"rendered":"<p><strong>M\u00e1y u\u1ed1n t\u00f4n \u0111i\u1ec7n servo \u0111\u1ed3ng b\u1ed9 <\/strong><\/p>\n<p>Th\u00f4ng s\u1ed1 k\u1ef9 thu\u1eadt s\u1ea3n ph\u1ea9m<\/p>\n<table style=\"height: 432px; width: 100%; border-collapse: collapse; border-color: #242424; border-style: solid;\" border=\"1px\">\n<tbody>\n<tr style=\"height: 24px; background-color: #335fff;\">\n<td style=\"width: 33.3%; height: 24px;\"><span style=\"color: #ffffff; font-family: arial, helvetica, sans-serif;\">T\u00ean<\/span><\/td>\n<td style=\"width: 33.3%; height: 24px;\"><span style=\"color: #ffffff; font-family: arial, helvetica, sans-serif;\">\u0110\u01a1n v\u1ecb<\/span><\/td>\n<td style=\"width: 33.3%; height: 24px;\"><span style=\"color: #ffffff; font-family: arial, helvetica, sans-serif;\"> LT-100-3200<\/span><\/td>\n<\/tr>\n<tr style=\"height: 24px; background-color: #ececec;\">\n<td style=\"width: 33.3%; height: 24px;\"><span style=\"font-family: arial, helvetica, sans-serif;\">\u00c1p su\u1ea5t<\/span><\/td>\n<td style=\"width: 33.3%; height: 24px;\"><span style=\"font-family: arial, helvetica, sans-serif;\">T\u1ea5n<\/span><\/td>\n<td style=\"width: 33.3%; height: 24px;\"><span style=\"font-family: arial, helvetica, sans-serif;\">100<\/span><\/td>\n<\/tr>\n<tr style=\"height: 24px; background-color: #fff;\">\n<td style=\"width: 33.3%; height: 24px;\"><span style=\"font-family: arial, helvetica, sans-serif;\">Chi\u1ec1u d\u00e0i b\u00e0n l\u00e0m vi\u1ec7c<\/span><\/td>\n<td style=\"width: 33.3%; height: 24px;\"><span style=\"font-family: arial, helvetica, sans-serif;\">mm<\/span><\/td>\n<td style=\"width: 33.3%; height: 24px;\"><span style=\"font-family: arial, helvetica, sans-serif;\">3200<br \/>\n<\/span><\/td>\n<\/tr>\n<tr style=\"height: 24px; background-color: #ececec;\">\n<td style=\"width: 33.3%; height: 24px;\"><span style=\"font-family: arial, helvetica, sans-serif;\">B\u00e0n l\u00e0m vi\u1ec7c r\u1ed9ng<\/span><\/td>\n<td style=\"width: 33.3%; height: 24px;\"><span style=\"font-family: arial, helvetica, sans-serif;\">mm<\/span><\/td>\n<td style=\"width: 33.3%; height: 24px;\"><span style=\"font-family: arial, helvetica, sans-serif;\">60\/200<\/span><\/td>\n<\/tr>\n<tr style=\"height: 24px; background-color: #fff;\">\n<td style=\"width: 33.3%; height: 24px;\"><span style=\"font-family: arial, helvetica, sans-serif;\">Kho\u1ea3ng c\u00e1ch gi\u1eefa c\u00e1c c\u1ed9t <\/span><\/td>\n<td style=\"width: 33.3%; height: 24px;\"><span style=\"font-family: arial, helvetica, sans-serif;\">mm<\/span><\/td>\n<td style=\"width: 33.3%; height: 24px;\"><span style=\"font-family: arial, helvetica, sans-serif;\">2880<\/span><\/td>\n<\/tr>\n<tr style=\"height: 24px; background-color: #ececec;\">\n<td style=\"width: 33.3%; height: 24px;\"><span style=\"font-family: arial, helvetica, sans-serif;\">Tr\u01b0\u1ee3t (Tr\u1ee5c Y)<\/span><\/td>\n<td style=\"width: 33.3%; height: 24px;\"><span style=\"font-family: arial, helvetica, sans-serif;\">mm<\/span><\/td>\n<td style=\"width: 33.3%; height: 24px;\"><span style=\"font-family: arial, helvetica, sans-serif;\">400<\/span><\/td>\n<\/tr>\n<tr style=\"height: 24px; background-color: #fff;\">\n<td style=\"width: 33.3%; height: 24px;\"><span style=\"font-family: arial, helvetica, sans-serif;\">Chi\u1ec1u cao m\u1edf r\u1ed9ng c\u1ee7a Maxi Mum<\/span><\/td>\n<td style=\"width: 33.3%; height: 24px;\"><span style=\"font-family: arial, helvetica, sans-serif;\">mm<\/span><\/td>\n<td style=\"width: 33.3%; height: 24px;\"><span style=\"font-family: arial, helvetica, sans-serif;\">200<\/span><\/td>\n<\/tr>\n<tr style=\"height: 24px; background-color: #ececec;\">\n<td style=\"width: 33.3%; height: 24px;\"><span style=\"font-family: arial, helvetica, sans-serif;\">\u0110\u1ed9 s\u00e2u c\u1ee7a h\u1ecdng mi\u1ec7ng<\/span><\/td>\n<td style=\"width: 33.3%; height: 24px;\"><span style=\"font-family: arial, helvetica, sans-serif;\">mm<\/span><\/td>\n<td style=\"width: 33.3%; height: 24px;\"><span style=\"font-family: arial, helvetica, sans-serif;\">400<\/span><\/td>\n<\/tr>\n<tr style=\"height: 24px; background-color: #fff;\">\n<td style=\"width: 33.3%; height: 24px;\"><span style=\"font-family: arial, helvetica, sans-serif;\">T\u1ed1c \u0111\u1ed9 tr\u01b0\u1ee3t (Kh\u00f4ng t\u1ea3i)<\/span><\/td>\n<td style=\"width: 33.3%; height: 24px;\"><span style=\"font-family: arial, helvetica, sans-serif;\">mm\/s<\/span><\/td>\n<td style=\"width: 33.3%; height: 24px;\"><span style=\"font-family: arial, helvetica, sans-serif;\">180<\/span><\/td>\n<\/tr>\n<tr style=\"height: 24px; background-color: #ececec;\">\n<td style=\"width: 33.3%; height: 24px;\"><span style=\"font-family: arial, helvetica, sans-serif;\">T\u1ed1c \u0111\u1ed9 tr\u01b0\u1ee3t (C\u00f4ng vi\u1ec7c)<\/span><\/td>\n<td style=\"width: 33.3%; height: 24px;\"><span style=\"font-family: arial, helvetica, sans-serif;\">mm\/s<\/span><\/td>\n<td style=\"width: 33.3%; height: 24px;\"><span style=\"font-family: arial, helvetica, sans-serif;\">12<\/span><\/td>\n<\/tr>\n<tr style=\"height: 24px; background-color: #fff;\">\n<td style=\"width: 33.3%; height: 24px;\"><span style=\"font-family: arial, helvetica, sans-serif;\">T\u1ed1c \u0111\u1ed9 tr\u01b0\u1ee3t (K\u1ebft n\u1ed1i ng\u01b0\u1ee3c)<\/span><\/td>\n<td style=\"width: 33.3%; height: 24px;\"><span style=\"font-family: arial, helvetica, sans-serif;\">mm\/s<\/span><\/td>\n<td style=\"width: 33.3%; height: 24px;\"><span style=\"font-family: arial, helvetica, sans-serif;\">170<\/span><\/td>\n<\/tr>\n<tr style=\"height: 24px; background-color: #ececec;\">\n<td style=\"width: 33.3%; height: 24px;\"><span style=\"font-family: arial, helvetica, sans-serif;\">H\u00e0nh tr\u00ecnh t\u1ed1i \u0111a ph\u00eda sau (Xaxis)<\/span><\/td>\n<td style=\"width: 33.3%; height: 24px;\"><span style=\"font-family: arial, helvetica, sans-serif;\">mm<\/span><\/td>\n<td style=\"width: 33.3%; height: 24px;\"><span style=\"font-family: arial, helvetica, sans-serif;\">650<\/span><\/td>\n<\/tr>\n<tr style=\"height: 24px; background-color: #fff;\">\n<td style=\"width: 33.3%; height: 24px;\"><span style=\"font-family: arial, helvetica, sans-serif;\">C\u00f4ng su\u1ea5t \u0111\u1ed9ng c\u01a1 ch\u00ednh<\/span><\/td>\n<td style=\"width: 33.3%; height: 24px;\"><span style=\"font-family: arial, helvetica, sans-serif;\">kw<\/span><\/td>\n<td style=\"width: 33.3%; height: 24px;\"><span style=\"font-family: arial, helvetica, sans-serif;\">11.5<\/span><\/td>\n<\/tr>\n<tr style=\"height: 24px; background-color: #ececec;\">\n<td style=\"width: 33.3%; height: 24px;\"><span style=\"font-family: arial, helvetica, sans-serif;\">Tr\u1ecdng l\u01b0\u1ee3ng m\u00e1y<\/span><\/td>\n<td style=\"width: 33.3%; height: 24px;\"><span style=\"font-family: arial, helvetica, sans-serif;\">kg<\/span><\/td>\n<td style=\"width: 33.3%; height: 24px;\"><span style=\"font-family: arial, helvetica, sans-serif;\">9300<\/span><\/td>\n<\/tr>\n<tr style=\"height: 24px; background-color: #fff;\">\n<td style=\"width: 33.3%; height: 24px;\"><span style=\"font-family: arial, helvetica, sans-serif;\">Chi\u1ec1u d\u00e0i m\u00e1y<\/span><\/td>\n<td style=\"width: 33.3%; height: 24px;\"><span style=\"font-family: arial, helvetica, sans-serif;\">mm<\/span><\/td>\n<td style=\"width: 33.3%; height: 24px;\"><span style=\"font-family: arial, helvetica, sans-serif;\">3400<\/span><\/td>\n<\/tr>\n<tr style=\"height: 24px; background-color: #ececec;\">\n<td style=\"width: 33.3%; height: 24px;\"><span style=\"font-family: arial, helvetica, sans-serif;\">Chi\u1ec1u r\u1ed9ng m\u00e1y<\/span><\/td>\n<td style=\"width: 33.3%; height: 24px;\"><span style=\"font-family: arial, helvetica, sans-serif;\">mm<\/span><\/td>\n<td style=\"width: 33.3%; height: 24px;\"><span style=\"font-family: arial, helvetica, sans-serif;\">1600<\/span><\/td>\n<\/tr>\n<tr style=\"height: 24px; background-color: #fff;\">\n<td style=\"width: 33.3%; height: 24px;\"><span style=\"font-family: arial, helvetica, sans-serif;\">Chi\u1ec1u cao m\u00e1y<\/span><\/td>\n<td style=\"width: 33.3%; height: 24px;\"><span style=\"font-family: arial, helvetica, sans-serif;\">mm<\/span><\/td>\n<td style=\"width: 33.3%; height: 24px;\"><span style=\"font-family: arial, helvetica, sans-serif;\">2350<\/span><\/td>\n<\/tr>\n<tr style=\"height: 24px; background-color: #ececec;\">\n<td style=\"width: 33.3%; height: 24px;\"><span style=\"font-family: arial, helvetica, sans-serif;\">B\u1ed3n ch\u1ee9a d\u1ea7u<\/span><\/td>\n<td style=\"width: 33.3%; height: 24px;\"><span style=\"font-family: arial, helvetica, sans-serif;\">L<\/span><\/td>\n<td style=\"width: 33.3%; height: 24px;\"><span style=\"font-family: arial, helvetica, sans-serif;\">400<\/span><\/td>\n<\/tr>\n<\/tbody>\n<\/table>","protected":false},"excerpt":{"rendered":"<p>M\u00e1y u\u1ed1n t\u00f4n \u0111i\u1ec7n servo \u0111\u1ed3ng b\u1ed9 s\u1eed d\u1ee5ng c\u00f4ng ngh\u1ec7 v\u00e0 v\u1eadt li\u1ec7u m\u1edbi. C\u1ea5u tr\u00fac m\u00e1y l\u00e0 lo\u1ea1i di chuy\u1ec3n tr\u00ean, c\u00f3 tr\u1ecdng l\u01b0\u1ee3ng 100 t\u1ea5n, chi\u1ec1u d\u00e0i l\u00e0m vi\u1ec7c 3200MM, ho\u1ea1t \u0111\u1ed9ng \u1ed5n \u0111\u1ecbnh, \u00edt ti\u1ebfng \u1ed3n, ti\u1ebft ki\u1ec7m n\u0103ng l\u01b0\u1ee3ng v\u00e0 th\u00e2n thi\u1ec7n v\u1edbi m\u00f4i tr\u01b0\u1eddng. M\u00e1y u\u1ed1n th\u1ee7y l\u1ef1c bao g\u1ed3m gi\u00e1 \u0111\u1ee1, b\u00e0n l\u00e0m vi\u1ec7c v\u00e0 t\u1ea5m \u00e9p. B\u00e0n l\u00e0m vi\u1ec7c \u0111\u01b0\u1ee3c \u0111\u1eb7t tr\u00ean gi\u00e1 \u0111\u1ee1. B\u00e0n l\u00e0m vi\u1ec7c g\u1ed3m ph\u1ea7n \u0111\u1ebf v\u00e0 t\u1ea5m \u00e9p. Ph\u1ea7n \u0111\u1ebf \u0111\u01b0\u1ee3c k\u1ebft n\u1ed1i v\u1edbi t\u1ea5m \u00e9p qua b\u1ea3n l\u1ec1. Ph\u1ea7n \u0111\u1ebf g\u1ed3m v\u1ecf \u0111\u1ebf, cu\u1ed9n v\u00e0 t\u1ea5m che. Cu\u1ed9n \u0111\u01b0\u1ee3c \u0111\u1eb7t trong h\u1ed1c c\u1ee7a v\u1ecf \u0111\u1ebf, v\u00e0 h\u1ed1c \u0111\u01b0\u1ee3c che b\u1eb1ng t\u1ea5m che.<\/p>","protected":false},"featured_media":1865,"comment_status":"open","ping_status":"closed","template":"","meta":{"_acf_changed":false,"_uag_custom_page_level_css":""},"product_brand":[],"product_cat":[322,319],"product_tag":[],"class_list":{"0":"post-1919","1":"product","2":"type-product","3":"status-publish","4":"has-post-thumbnail","6":"product_cat-lt-type","7":"product_cat-press-brake","9":"first","10":"instock","11":"shipping-taxable","12":"product-type-simple"},"acf":[],"uagb_featured_image_src":{"full":["https:\/\/gdbluesky.com.cn\/wp-content\/uploads\/2025\/10\/LT-100-3200-2.jpg",998,998,false],"thumbnail":["https:\/\/gdbluesky.com.cn\/wp-content\/uploads\/2025\/10\/LT-100-3200-2-150x150.jpg",150,150,true],"medium":["https:\/\/gdbluesky.com.cn\/wp-content\/uploads\/2025\/10\/LT-100-3200-2-300x300.jpg",300,300,true],"medium_large":["https:\/\/gdbluesky.com.cn\/wp-content\/uploads\/2025\/10\/LT-100-3200-2-768x768.jpg",768,768,true],"large":["https:\/\/gdbluesky.com.cn\/wp-content\/uploads\/2025\/10\/LT-100-3200-2.jpg",998,998,false],"1536x1536":["https:\/\/gdbluesky.com.cn\/wp-content\/uploads\/2025\/10\/LT-100-3200-2.jpg",998,998,false],"2048x2048":["https:\/\/gdbluesky.com.cn\/wp-content\/uploads\/2025\/10\/LT-100-3200-2.jpg",998,998,false],"trp-custom-language-flag":["https:\/\/gdbluesky.com.cn\/wp-content\/uploads\/2025\/10\/LT-100-3200-2.jpg",12,12,false],"blog-large":["https:\/\/gdbluesky.com.cn\/wp-content\/uploads\/2025\/10\/LT-100-3200-2-669x272.jpg",669,272,true],"blog-medium":["https:\/\/gdbluesky.com.cn\/wp-content\/uploads\/2025\/10\/LT-100-3200-2-320x202.jpg",320,202,true],"recent-posts":["https:\/\/gdbluesky.com.cn\/wp-content\/uploads\/2025\/10\/LT-100-3200-2-700x441.jpg",700,441,true],"recent-works-thumbnail":["https:\/\/gdbluesky.com.cn\/wp-content\/uploads\/2025\/10\/LT-100-3200-2-66x66.jpg",66,66,true],"fusion-200":["https:\/\/gdbluesky.com.cn\/wp-content\/uploads\/2025\/10\/LT-100-3200-2-200x200.jpg",200,200,true],"fusion-400":["https:\/\/gdbluesky.com.cn\/wp-content\/uploads\/2025\/10\/LT-100-3200-2-400x400.jpg",400,400,true],"fusion-600":["https:\/\/gdbluesky.com.cn\/wp-content\/uploads\/2025\/10\/LT-100-3200-2-600x600.jpg",600,600,true],"fusion-800":["https:\/\/gdbluesky.com.cn\/wp-content\/uploads\/2025\/10\/LT-100-3200-2-800x800.jpg",800,800,true],"fusion-1200":["https:\/\/gdbluesky.com.cn\/wp-content\/uploads\/2025\/10\/LT-100-3200-2.jpg",998,998,false],"portfolio-full":["https:\/\/gdbluesky.com.cn\/wp-content\/uploads\/2025\/10\/LT-100-3200-2-940x400.jpg",940,400,true],"portfolio-one":["https:\/\/gdbluesky.com.cn\/wp-content\/uploads\/2025\/10\/LT-100-3200-2-540x272.jpg",540,272,true],"portfolio-two":["https:\/\/gdbluesky.com.cn\/wp-content\/uploads\/2025\/10\/LT-100-3200-2-460x295.jpg",460,295,true],"portfolio-three":["https:\/\/gdbluesky.com.cn\/wp-content\/uploads\/2025\/10\/LT-100-3200-2-300x214.jpg",300,214,true],"portfolio-five":["https:\/\/gdbluesky.com.cn\/wp-content\/uploads\/2025\/10\/LT-100-3200-2-177x142.jpg",177,142,true],"woocommerce_thumbnail":["https:\/\/gdbluesky.com.cn\/wp-content\/uploads\/2025\/10\/LT-100-3200-2-500x500.jpg",500,500,true],"woocommerce_single":["https:\/\/gdbluesky.com.cn\/wp-content\/uploads\/2025\/10\/LT-100-3200-2-700x700.jpg",700,700,true],"woocommerce_gallery_thumbnail":["https:\/\/gdbluesky.com.cn\/wp-content\/uploads\/2025\/10\/LT-100-3200-2-200x200.jpg",200,200,true]},"uagb_author_info":{"display_name":"Admin","author_link":"https:\/\/gdbluesky.com.cn\/vi\/author\/"},"uagb_comment_info":0,"uagb_excerpt":"The Synchronized Servo Electric Sheet Metal bending machine adopts new technology and materials. The structure is top-moving, weighs 100 tons, has a working length of 3200MM, has stable performance, produces little noise, and is energy-saving and environmentally friendly. The hydraulic bending machine consists of a bracket, a workbench, and a pressing plate. The workbench is&hellip;","_links":{"self":[{"href":"https:\/\/gdbluesky.com.cn\/vi\/wp-json\/wp\/v2\/product\/1919","targetHints":{"allow":["GET"]}}],"collection":[{"href":"https:\/\/gdbluesky.com.cn\/vi\/wp-json\/wp\/v2\/product"}],"about":[{"href":"https:\/\/gdbluesky.com.cn\/vi\/wp-json\/wp\/v2\/types\/product"}],"replies":[{"embeddable":true,"href":"https:\/\/gdbluesky.com.cn\/vi\/wp-json\/wp\/v2\/comments?post=1919"}],"wp:featuredmedia":[{"embeddable":true,"href":"https:\/\/gdbluesky.com.cn\/vi\/wp-json\/wp\/v2\/media\/1865"}],"wp:attachment":[{"href":"https:\/\/gdbluesky.com.cn\/vi\/wp-json\/wp\/v2\/media?parent=1919"}],"wp:term":[{"taxonomy":"product_brand","embeddable":true,"href":"https:\/\/gdbluesky.com.cn\/vi\/wp-json\/wp\/v2\/product_brand?post=1919"},{"taxonomy":"product_cat","embeddable":true,"href":"https:\/\/gdbluesky.com.cn\/vi\/wp-json\/wp\/v2\/product_cat?post=1919"},{"taxonomy":"product_tag","embeddable":true,"href":"https:\/\/gdbluesky.com.cn\/vi\/wp-json\/wp\/v2\/product_tag?post=1919"}],"curies":[{"name":"wp","href":"https:\/\/api.w.org\/{rel}","templated":true}]}}